{"id":40,"date":"2019-05-06T18:44:47","date_gmt":"2019-05-06T16:44:47","guid":{"rendered":"http:\/\/sou-book.fr\/?page_id=40"},"modified":"2024-04-26T17:03:10","modified_gmt":"2024-04-26T15:03:10","slug":"contact","status":"publish","type":"page","link":"https:\/\/sou-book.fr\/?page_id=40","title":{"rendered":"CONTACT"},"content":{"rendered":"<p>[et_pb_section fb_built=\u00a0\u00bb1&Prime; _builder_version=\u00a0\u00bb4.23.4&Prime; hover_enabled=\u00a0\u00bb0&Prime; global_colors_info=\u00a0\u00bb{}\u00a0\u00bb custom_margin_last_edited=\u00a0\u00bbon|desktop\u00a0\u00bb custom_margin_phone=\u00a0\u00bb-105px||||false|false\u00a0\u00bb sticky_enabled=\u00a0\u00bb0&Prime; custom_margin_tablet=\u00a0\u00bb-75px||||false|false\u00a0\u00bb custom_margin=\u00a0\u00bb-33px||||false|false\u00a0\u00bb custom_padding=\u00a0\u00bb||0px|||\u00a0\u00bb][et_pb_row column_structure=\u00a0\u00bb1_2,1_2&Prime; _builder_version=\u00a0\u00bb4.16&Prime; global_colors_info=\u00a0\u00bb{}\u00a0\u00bb][et_pb_column type=\u00a0\u00bb1_2&Prime; _builder_version=\u00a0\u00bb4.16&Prime; global_colors_info=\u00a0\u00bb{}\u00a0\u00bb][et_pb_image src=\u00a0\u00bbhttps:\/\/sou-book.fr\/wp-content\/uploads\/2023\/11\/DSC_1128-2-scaled.jpg\u00a0\u00bb title_text=\u00a0\u00bbDSC_1128-2&Prime; _builder_version=\u00a0\u00bb4.19.1&Prime; _module_preset=\u00a0\u00bbdefault\u00a0\u00bb global_colors_info=\u00a0\u00bb{}\u00a0\u00bb][\/et_pb_image][et_pb_text _builder_version=\u00a0\u00bb4.19.1&Prime; text_font=\u00a0\u00bbMontserrat||||||||\u00a0\u00bb text_font_size=\u00a0\u00bb21px\u00a0\u00bb width=\u00a0\u00bb100%\u00a0\u00bb custom_margin=\u00a0\u00bb|||0px|false|false\u00a0\u00bb custom_padding=\u00a0\u00bb|||0px||\u00a0\u00bb global_colors_info=\u00a0\u00bb{}\u00a0\u00bb]<\/p>\n<p>06 33 45 95 24<\/p>\n<p><a href=\"mailto:susantristram@gmail.com\">contact.susantristram@gmail.com<\/a><\/p>\n<p>Queer friendly <span class=\"s1\">\ud83c\udff3\ufe0f\u200d\ud83c\udf08<\/span><\/p>\n<p>[\/et_pb_text][et_pb_social_media_follow icon_color=\u00a0\u00bb#FFFFFF\u00a0\u00bb use_icon_font_size=\u00a0\u00bbon\u00a0\u00bb icon_font_size=\u00a0\u00bb29px\u00a0\u00bb _builder_version=\u00a0\u00bb4.16&Prime; background_color=\u00a0\u00bbRGBA(0,0,0,0)\u00a0\u00bb text_orientation=\u00a0\u00bbleft\u00a0\u00bb min_height=\u00a0\u00bb46px\u00a0\u00bb custom_margin=\u00a0\u00bb|||0px|false|false\u00a0\u00bb global_colors_info=\u00a0\u00bb{}\u00a0\u00bb][et_pb_social_media_follow_network social_network=\u00a0\u00bbinstagram\u00a0\u00bb url=\u00a0\u00bbhttps:\/\/www.instagram.com\/sou_mua\/\u00a0\u00bb icon_color=\u00a0\u00bb#ffffff\u00a0\u00bb use_icon_font_size=\u00a0\u00bbon\u00a0\u00bb icon_font_size=\u00a0\u00bb29px\u00a0\u00bb _builder_version=\u00a0\u00bb4.16&Prime; background_color=\u00a0\u00bb#ae00c9&Prime; background_enable_color=\u00a0\u00bbon\u00a0\u00bb global_colors_info=\u00a0\u00bb{}\u00a0\u00bb follow_button=\u00a0\u00bboff\u00a0\u00bb url_new_window=\u00a0\u00bbon\u00a0\u00bb]instagram[\/et_pb_social_media_follow_network][et_pb_social_media_follow_network social_network=\u00a0\u00bbyoutube\u00a0\u00bb url=\u00a0\u00bbhttps:\/\/www.youtube.com\/user\/MiissBluue\u00a0\u00bb _builder_version=\u00a0\u00bb4.16&Prime; _module_preset=\u00a0\u00bbdefault\u00a0\u00bb background_color=\u00a0\u00bb#E02B20&Prime; background_enable_color=\u00a0\u00bbon\u00a0\u00bb global_colors_info=\u00a0\u00bb{}\u00a0\u00bb follow_button=\u00a0\u00bboff\u00a0\u00bb url_new_window=\u00a0\u00bbon\u00a0\u00bb]youtube[\/et_pb_social_media_follow_network][\/et_pb_social_media_follow][et_pb_divider divider_position=\u00a0\u00bbcenter\u00a0\u00bb _builder_version=\u00a0\u00bb4.16&Prime; min_height=\u00a0\u00bb75px\u00a0\u00bb custom_margin=\u00a0\u00bb||27px|0px|false|false\u00a0\u00bb custom_padding=\u00a0\u00bb0px||0px|2px||\u00a0\u00bb hover_enabled=\u00a0\u00bb0&Prime; global_colors_info=\u00a0\u00bb{}\u00a0\u00bb sticky_enabled=\u00a0\u00bb0&Prime;][\/et_pb_divider][\/et_pb_column][et_pb_column type=\u00a0\u00bb1_2&Prime; _builder_version=\u00a0\u00bb4.16&Prime; global_colors_info=\u00a0\u00bb{}\u00a0\u00bb][et_pb_text _builder_version=\u00a0\u00bb4.23.4&Prime; text_font=\u00a0\u00bbMontserrat||||||||\u00a0\u00bb text_font_size=\u00a0\u00bb17px\u00a0\u00bb text_line_height=\u00a0\u00bb1.9em\u00a0\u00bb custom_margin=\u00a0\u00bb|||0px|false|false\u00a0\u00bb hover_enabled=\u00a0\u00bb0&Prime; global_colors_info=\u00a0\u00bb{}\u00a0\u00bb custom_margin_last_edited=\u00a0\u00bbon|desktop\u00a0\u00bb custom_margin_phone=\u00a0\u00bb-48px||||false|false\u00a0\u00bb sticky_enabled=\u00a0\u00bb0&Prime; custom_margin_tablet=\u00a0\u00bb-42px||||false|false\u00a0\u00bb]<\/p>\n<p class=\"p1\">Hello !<\/p>\n<p class=\"p1\">Je me pr\u00e9sente, Susan Tristram, plus commun\u00e9ment appel\u00e9e Sou.<\/p>\n<p class=\"p1\">Je suis make-up artiste professionnelle depuis<span class=\"Apple-converted-space\">\u00a0 <\/span>2019, apr\u00e8s deux ann\u00e9es chez Acte Academie dont je suis sortie dipl\u00f4m\u00e9e.<\/p>\n<p class=\"p1\">En tant que maquilleuse, je suis qualifi\u00e9e pour r\u00e9aliser tout type de prestations :\u00a0 de l\u2019\u00e9dito au maquillage mari\u00e9e, de la pose de proth\u00e8ses d\u2019effets sp\u00e9ciaux au maquillage TV&#8230;<\/p>\n<p class=\"p1\">En plus d\u2019\u00eatre MUA, je suis \u00e9galement directrice artistique. Je met en place diff\u00e9rents shootings, contacte des mannequins ainsi que des stylistes, fais les rep\u00e9rages de lieux originaux. Travailler aux c\u00f4t\u00e9s de photographes talentueux.ses est un grand plaisir, et m\u2019inspire au quotidien.<\/p>\n<p class=\"p1\">Mes r\u00e9f\u00e9rences viennent principalement de la culture punk et grunge, en passant de Siouxsie and the Banshees \u00e0 Marilyn Manson.<\/p>\n<p class=\"p1\">Rassurez vous, je fais avec plaisir des maquillages plus doux et naturels comme vous pouvez le constater sur les diff\u00e9rentes photos pr\u00e9sentes sur ce site.<\/p>\n<p class=\"p1\">Ce serait avec grand plaisir de discuter de vos projets, de passer un bon moment ensemble et SURTOUT de vous d\u00e9livrer un travail de qualit\u00e9 qui vous rendra heureux.ses.<\/p>\n<p class=\"p1\">\u00c0 tr\u00e8s bient\u00f4t je l\u2019esp\u00e8re ! \ud83d\ude42<\/p>\n<p class=\"p1\">Sou<\/p>\n<p>[\/et_pb_text][\/et_pb_column][\/et_pb_row][\/et_pb_section]<\/p>\n","protected":false},"excerpt":{"rendered":"<p>06 33 45 95 24 contact.susantristram@gmail.com Queer friendly \ud83c\udff3\ufe0f\u200d\ud83c\udf08Hello ! Je me pr\u00e9sente, Susan Tristram, plus commun\u00e9ment appel\u00e9e Sou. Je suis make-up artiste professionnelle depuis\u00a0 2019, apr\u00e8s deux ann\u00e9es chez Acte Academie dont je suis sortie dipl\u00f4m\u00e9e. En tant que maquilleuse, je suis qualifi\u00e9e pour r\u00e9aliser tout type de prestations :\u00a0 de l\u2019\u00e9dito au maquillage [&hellip;]<\/p>\n","protected":false},"author":1,"featured_media":0,"parent":0,"menu_order":0,"comment_status":"closed","ping_status":"closed","template":"","meta":{"_et_pb_use_builder":"on","_et_pb_old_content":"","_et_gb_content_width":"","footnotes":""},"yoast_head":"<!-- This site is optimized with the Yoast SEO plugin v22.9 - https:\/\/yoast.com\/wordpress\/plugins\/seo\/ -->\n<title>CONTACT - SOU - Susan Tristram<\/title>\n<meta name=\"robots\" content=\"index, follow, max-snippet:-1, max-image-preview:large, max-video-preview:-1\" \/>\n<link rel=\"canonical\" href=\"https:\/\/sou-book.fr\/?page_id=40\" \/>\n<meta property=\"og:locale\" content=\"fr_FR\" \/>\n<meta property=\"og:type\" content=\"article\" \/>\n<meta property=\"og:title\" content=\"CONTACT - SOU - Susan Tristram\" \/>\n<meta property=\"og:description\" content=\"06 33 45 95 24 contact.susantristram@gmail.com Queer friendly \ud83c\udff3\ufe0f\u200d\ud83c\udf08Hello ! Je me pr\u00e9sente, Susan Tristram, plus commun\u00e9ment appel\u00e9e Sou. Je suis make-up artiste professionnelle depuis\u00a0 2019, apr\u00e8s deux ann\u00e9es chez Acte Academie dont je suis sortie dipl\u00f4m\u00e9e. En tant que maquilleuse, je suis qualifi\u00e9e pour r\u00e9aliser tout type de prestations :\u00a0 de l\u2019\u00e9dito au maquillage [&hellip;]\" \/>\n<meta property=\"og:url\" content=\"https:\/\/sou-book.fr\/?page_id=40\" \/>\n<meta property=\"og:site_name\" content=\"SOU - Susan Tristram\" \/>\n<meta property=\"article:modified_time\" content=\"2024-04-26T15:03:10+00:00\" \/>\n<meta name=\"twitter:card\" content=\"summary_large_image\" \/>\n<meta name=\"twitter:label1\" content=\"Dur\u00e9e de lecture estim\u00e9e\" \/>\n\t<meta name=\"twitter:data1\" content=\"3 minutes\" \/>\n<script type=\"application\/ld+json\" class=\"yoast-schema-graph\">{\"@context\":\"https:\/\/schema.org\",\"@graph\":[{\"@type\":\"WebPage\",\"@id\":\"https:\/\/sou-book.fr\/?page_id=40\",\"url\":\"https:\/\/sou-book.fr\/?page_id=40\",\"name\":\"CONTACT - SOU - Susan Tristram\",\"isPartOf\":{\"@id\":\"https:\/\/sou-book.fr\/#website\"},\"datePublished\":\"2019-05-06T16:44:47+00:00\",\"dateModified\":\"2024-04-26T15:03:10+00:00\",\"breadcrumb\":{\"@id\":\"https:\/\/sou-book.fr\/?page_id=40#breadcrumb\"},\"inLanguage\":\"fr-FR\",\"potentialAction\":[{\"@type\":\"ReadAction\",\"target\":[\"https:\/\/sou-book.fr\/?page_id=40\"]}]},{\"@type\":\"BreadcrumbList\",\"@id\":\"https:\/\/sou-book.fr\/?page_id=40#breadcrumb\",\"itemListElement\":[{\"@type\":\"ListItem\",\"position\":1,\"name\":\"Accueil\",\"item\":\"https:\/\/sou-book.fr\/\"},{\"@type\":\"ListItem\",\"position\":2,\"name\":\"CONTACT\"}]},{\"@type\":\"WebSite\",\"@id\":\"https:\/\/sou-book.fr\/#website\",\"url\":\"https:\/\/sou-book.fr\/\",\"name\":\"SOU - Susan Tristram\",\"description\":\"make-up artist\",\"potentialAction\":[{\"@type\":\"SearchAction\",\"target\":{\"@type\":\"EntryPoint\",\"urlTemplate\":\"https:\/\/sou-book.fr\/?s={search_term_string}\"},\"query-input\":\"required name=search_term_string\"}],\"inLanguage\":\"fr-FR\"}]}<\/script>\n<!-- \/ Yoast SEO plugin. -->","yoast_head_json":{"title":"CONTACT - SOU - Susan Tristram","robots":{"index":"index","follow":"follow","max-snippet":"max-snippet:-1","max-image-preview":"max-image-preview:large","max-video-preview":"max-video-preview:-1"},"canonical":"https:\/\/sou-book.fr\/?page_id=40","og_locale":"fr_FR","og_type":"article","og_title":"CONTACT - SOU - Susan Tristram","og_description":"06 33 45 95 24 contact.susantristram@gmail.com Queer friendly \ud83c\udff3\ufe0f\u200d\ud83c\udf08Hello ! Je me pr\u00e9sente, Susan Tristram, plus commun\u00e9ment appel\u00e9e Sou. Je suis make-up artiste professionnelle depuis\u00a0 2019, apr\u00e8s deux ann\u00e9es chez Acte Academie dont je suis sortie dipl\u00f4m\u00e9e. En tant que maquilleuse, je suis qualifi\u00e9e pour r\u00e9aliser tout type de prestations :\u00a0 de l\u2019\u00e9dito au maquillage [&hellip;]","og_url":"https:\/\/sou-book.fr\/?page_id=40","og_site_name":"SOU - Susan Tristram","article_modified_time":"2024-04-26T15:03:10+00:00","twitter_card":"summary_large_image","twitter_misc":{"Dur\u00e9e de lecture estim\u00e9e":"3 minutes"},"schema":{"@context":"https:\/\/schema.org","@graph":[{"@type":"WebPage","@id":"https:\/\/sou-book.fr\/?page_id=40","url":"https:\/\/sou-book.fr\/?page_id=40","name":"CONTACT - SOU - Susan Tristram","isPartOf":{"@id":"https:\/\/sou-book.fr\/#website"},"datePublished":"2019-05-06T16:44:47+00:00","dateModified":"2024-04-26T15:03:10+00:00","breadcrumb":{"@id":"https:\/\/sou-book.fr\/?page_id=40#breadcrumb"},"inLanguage":"fr-FR","potentialAction":[{"@type":"ReadAction","target":["https:\/\/sou-book.fr\/?page_id=40"]}]},{"@type":"BreadcrumbList","@id":"https:\/\/sou-book.fr\/?page_id=40#breadcrumb","itemListElement":[{"@type":"ListItem","position":1,"name":"Accueil","item":"https:\/\/sou-book.fr\/"},{"@type":"ListItem","position":2,"name":"CONTACT"}]},{"@type":"WebSite","@id":"https:\/\/sou-book.fr\/#website","url":"https:\/\/sou-book.fr\/","name":"SOU - Susan Tristram","description":"make-up artist","potentialAction":[{"@type":"SearchAction","target":{"@type":"EntryPoint","urlTemplate":"https:\/\/sou-book.fr\/?s={search_term_string}"},"query-input":"required name=search_term_string"}],"inLanguage":"fr-FR"}]}},"_links":{"self":[{"href":"https:\/\/sou-book.fr\/index.php?rest_route=\/wp\/v2\/pages\/40"}],"collection":[{"href":"https:\/\/sou-book.fr\/index.php?rest_route=\/wp\/v2\/pages"}],"about":[{"href":"https:\/\/sou-book.fr\/index.php?rest_route=\/wp\/v2\/types\/page"}],"author":[{"embeddable":true,"href":"https:\/\/sou-book.fr\/index.php?rest_route=\/wp\/v2\/users\/1"}],"replies":[{"embeddable":true,"href":"https:\/\/sou-book.fr\/index.php?rest_route=%2Fwp%2Fv2%2Fcomments&post=40"}],"version-history":[{"count":20,"href":"https:\/\/sou-book.fr\/index.php?rest_route=\/wp\/v2\/pages\/40\/revisions"}],"predecessor-version":[{"id":26678,"href":"https:\/\/sou-book.fr\/index.php?rest_route=\/wp\/v2\/pages\/40\/revisions\/26678"}],"wp:attachment":[{"href":"https:\/\/sou-book.fr\/index.php?rest_route=%2Fwp%2Fv2%2Fmedia&parent=40"}],"curies":[{"name":"wp","href":"https:\/\/api.w.org\/{rel}","templated":true}]}}